{"id":535,"date":"2019-02-13T14:31:07","date_gmt":"2019-02-13T13:31:07","guid":{"rendered":"http:\/\/www.handiemotion.fr\/?page_id=535"},"modified":"2020-12-24T12:10:55","modified_gmt":"2020-12-24T11:10:55","slug":"photos","status":"publish","type":"page","link":"https:\/\/www.handiemotion.fr\/index.php\/photos\/","title":{"rendered":"Galerie"},"content":{"rendered":"\t\t<div data-elementor-type=\"wp-post\" data-elementor-id=\"535\" class=\"elementor elementor-535\">\n\t\t\t\t\t\t<section class=\"elementor-section elementor-top-section elementor-element elementor-element-ba26f33 elementor-section-boxed elementor-section-height-default elementor-section-height-default\" data-id=\"ba26f33\" data-element_type=\"section\" data-e-type=\"section\">\n\t\t\t\t\t\t<div class=\"elementor-container elementor-column-gap-default\">\n\t\t\t\t\t<div class=\"elementor-column elementor-col-100 elementor-top-column elementor-element elementor-element-4af9180\" data-id=\"4af9180\" data-element_type=\"column\" data-e-type=\"column\">\n\t\t\t<div class=\"elementor-widget-wrap elementor-element-populated\">\n\t\t\t\t\t\t<div class=\"elementor-element elementor-element-5549c34 elementor-widget elementor-widget-text-editor\" data-id=\"5549c34\" data-element_type=\"widget\" data-e-type=\"widget\" data-widget_type=\"text-editor.default\">\n\t\t\t\t<div class=\"elementor-widget-container\">\n\t\t\t\t\t\t\t\t\t<div style=\"position: relative; padding-bottom: 57.25%;\"><iframe style=\"position: absolute; top: 0; left: 0; width: 100%; height: 100%;\" src=\"https:\/\/player.myvideoplace.tv\/?v=MDS_SPOR_PAD_110219\" frameborder=\"0\" allowfullscreen=\"allowfullscreen\"><\/iframe><\/div>\t\t\t\t\t\t\t\t<\/div>\n\t\t\t\t<\/div>\n\t\t\t\t\t<\/div>\n\t\t<\/div>\n\t\t\t\t\t<\/div>\n\t\t<\/section>\n\t\t\t\t<section class=\"elementor-section elementor-top-section elementor-element elementor-element-570b862 elementor-section-boxed elementor-section-height-default elementor-section-height-default\" data-id=\"570b862\" data-element_type=\"section\" data-e-type=\"section\">\n\t\t\t\t\t\t<div class=\"elementor-container elementor-column-gap-default\">\n\t\t\t\t\t<div class=\"elementor-column elementor-col-100 elementor-top-column elementor-element elementor-element-c532bc7\" data-id=\"c532bc7\" data-element_type=\"column\" data-e-type=\"column\">\n\t\t\t<div class=\"elementor-widget-wrap elementor-element-populated\">\n\t\t\t\t\t\t<div class=\"elementor-element elementor-element-61f027e elementor-arrows-position-outside elementor-widget elementor-widget-image-carousel\" data-id=\"61f027e\" data-element_type=\"widget\" data-e-type=\"widget\" data-settings=\"{&quot;slides_to_show&quot;:&quot;2&quot;,&quot;slides_to_scroll&quot;:&quot;2&quot;,&quot;navigation&quot;:&quot;arrows&quot;,&quot;autoplay_speed&quot;:3000,&quot;autoplay&quot;:&quot;yes&quot;,&quot;pause_on_hover&quot;:&quot;yes&quot;,&quot;pause_on_interaction&quot;:&quot;yes&quot;,&quot;infinite&quot;:&quot;yes&quot;,&quot;speed&quot;:500}\" data-widget_type=\"image-carousel.default\">\n\t\t\t\t<div class=\"elementor-widget-container\">\n\t\t\t\t\t\t\t<div class=\"elementor-image-carousel-wrapper swiper\" role=\"region\" aria-roledescription=\"carousel\" aria-label=\"Carrousel d\u2019images\" dir=\"ltr\">\n\t\t\t<div class=\"elementor-image-carousel swiper-wrapper\" aria-live=\"off\">\n\t\t\t\t\t\t\t\t<div class=\"swiper-slide\" role=\"group\" aria-roledescription=\"slide\" aria-label=\"1 sur 17\"><figure class=\"swiper-slide-inner\"><img decoding=\"async\" class=\"swiper-slide-image\" src=\"https:\/\/www.handiemotion.fr\/wp-content\/uploads\/2019\/06\/20190512_085456-300x169.jpg\" alt=\"20190512_085456\" \/><\/figure><\/div><div class=\"swiper-slide\" role=\"group\" aria-roledescription=\"slide\" aria-label=\"2 sur 17\"><figure class=\"swiper-slide-inner\"><img decoding=\"async\" class=\"swiper-slide-image\" src=\"https:\/\/www.handiemotion.fr\/wp-content\/uploads\/2019\/06\/20190512_094657-300x169.jpg\" alt=\"20190512_094657\" \/><\/figure><\/div><div class=\"swiper-slide\" role=\"group\" aria-roledescription=\"slide\" aria-label=\"3 sur 17\"><figure class=\"swiper-slide-inner\"><img decoding=\"async\" class=\"swiper-slide-image\" src=\"https:\/\/www.handiemotion.fr\/wp-content\/uploads\/2019\/02\/45532856514_a26066b145_o-300x200.jpg\" alt=\"45532856514_a26066b145_o\" \/><\/figure><\/div><div class=\"swiper-slide\" role=\"group\" aria-roledescription=\"slide\" aria-label=\"4 sur 17\"><figure class=\"swiper-slide-inner\"><img decoding=\"async\" class=\"swiper-slide-image\" src=\"https:\/\/www.handiemotion.fr\/wp-content\/uploads\/2019\/02\/44439400400_7c3fb3e70a_o-e1550072791546-200x300.jpg\" alt=\"44439400400_7c3fb3e70a_o\" \/><\/figure><\/div><div class=\"swiper-slide\" role=\"group\" aria-roledescription=\"slide\" aria-label=\"5 sur 17\"><figure class=\"swiper-slide-inner\"><img decoding=\"async\" class=\"swiper-slide-image\" src=\"https:\/\/www.handiemotion.fr\/wp-content\/uploads\/2019\/02\/44439379360_29d7836d4a_o-300x200.jpg\" alt=\"44439379360_29d7836d4a_o\" \/><\/figure><\/div><div class=\"swiper-slide\" role=\"group\" aria-roledescription=\"slide\" aria-label=\"6 sur 17\"><figure class=\"swiper-slide-inner\"><img decoding=\"async\" class=\"swiper-slide-image\" src=\"https:\/\/www.handiemotion.fr\/wp-content\/uploads\/2019\/02\/IMG_0103-300x225.jpg\" alt=\"IMG_0103\" \/><\/figure><\/div><div class=\"swiper-slide\" role=\"group\" aria-roledescription=\"slide\" aria-label=\"7 sur 17\"><figure class=\"swiper-slide-inner\"><img decoding=\"async\" class=\"swiper-slide-image\" src=\"https:\/\/www.handiemotion.fr\/wp-content\/uploads\/2019\/02\/IMG_0089-300x225.jpg\" alt=\"IMG_0089\" \/><\/figure><\/div><div class=\"swiper-slide\" role=\"group\" aria-roledescription=\"slide\" aria-label=\"8 sur 17\"><figure class=\"swiper-slide-inner\"><img decoding=\"async\" class=\"swiper-slide-image\" src=\"https:\/\/www.handiemotion.fr\/wp-content\/uploads\/2019\/02\/IMG_0088-e1550073224100-225x300.jpg\" alt=\"IMG_0088\" \/><\/figure><\/div><div class=\"swiper-slide\" role=\"group\" aria-roledescription=\"slide\" aria-label=\"9 sur 17\"><figure class=\"swiper-slide-inner\"><img decoding=\"async\" class=\"swiper-slide-image\" src=\"https:\/\/www.handiemotion.fr\/wp-content\/uploads\/2018\/11\/20181105_133819-300x169.jpg\" alt=\"20181105_133819\" \/><\/figure><\/div><div class=\"swiper-slide\" role=\"group\" aria-roledescription=\"slide\" aria-label=\"10 sur 17\"><figure class=\"swiper-slide-inner\"><img decoding=\"async\" class=\"swiper-slide-image\" src=\"https:\/\/www.handiemotion.fr\/wp-content\/uploads\/2018\/10\/Circuit3a-300x200.jpg\" alt=\"Circuit3a\" \/><\/figure><\/div><div class=\"swiper-slide\" role=\"group\" aria-roledescription=\"slide\" aria-label=\"11 sur 17\"><figure class=\"swiper-slide-inner\"><img decoding=\"async\" class=\"swiper-slide-image\" src=\"https:\/\/www.handiemotion.fr\/wp-content\/uploads\/2018\/11\/handiemotion4-300x169.png\" alt=\"handiemotion4\" \/><\/figure><\/div><div class=\"swiper-slide\" role=\"group\" aria-roledescription=\"slide\" aria-label=\"12 sur 17\"><figure class=\"swiper-slide-inner\"><img decoding=\"async\" class=\"swiper-slide-image\" src=\"https:\/\/www.handiemotion.fr\/wp-content\/uploads\/2018\/11\/20181105_133924-e1541585462738-300x169.jpg\" alt=\"20181105_133924\" \/><\/figure><\/div><div class=\"swiper-slide\" role=\"group\" aria-roledescription=\"slide\" aria-label=\"13 sur 17\"><figure class=\"swiper-slide-inner\"><img decoding=\"async\" class=\"swiper-slide-image\" src=\"https:\/\/www.handiemotion.fr\/wp-content\/uploads\/2018\/11\/20181105_134015-e1541585474295-169x300.jpg\" alt=\"20181105_134015\" \/><\/figure><\/div><div class=\"swiper-slide\" role=\"group\" aria-roledescription=\"slide\" aria-label=\"14 sur 17\"><figure class=\"swiper-slide-inner\"><img decoding=\"async\" class=\"swiper-slide-image\" src=\"https:\/\/www.handiemotion.fr\/wp-content\/uploads\/2018\/11\/20181105_134349-e1541585488359-300x169.jpg\" alt=\"20181105_134349\" \/><\/figure><\/div><div class=\"swiper-slide\" role=\"group\" aria-roledescription=\"slide\" aria-label=\"15 sur 17\"><figure class=\"swiper-slide-inner\"><img decoding=\"async\" class=\"swiper-slide-image\" src=\"https:\/\/www.handiemotion.fr\/wp-content\/uploads\/2019\/10\/66053828_10156473974862916_8053631216978493440_o-300x225.jpg\" alt=\"66053828_10156473974862916_8053631216978493440_o\" \/><\/figure><\/div><div class=\"swiper-slide\" role=\"group\" aria-roledescription=\"slide\" aria-label=\"16 sur 17\"><figure class=\"swiper-slide-inner\"><img decoding=\"async\" class=\"swiper-slide-image\" src=\"https:\/\/www.handiemotion.fr\/wp-content\/uploads\/2019\/10\/66264547_3035536106486998_3858966083243343872_o-300x180.jpg\" alt=\"66264547_3035536106486998_3858966083243343872_o\" \/><\/figure><\/div><div class=\"swiper-slide\" role=\"group\" aria-roledescription=\"slide\" aria-label=\"17 sur 17\"><figure class=\"swiper-slide-inner\"><img decoding=\"async\" class=\"swiper-slide-image\" src=\"https:\/\/www.handiemotion.fr\/wp-content\/uploads\/2019\/10\/66491976_3035734536467155_8933217051497988096_o-300x225.jpg\" alt=\"66491976_3035734536467155_8933217051497988096_o\" \/><\/figure><\/div>\t\t\t<\/div>\n\t\t\t\t\t\t\t\t\t\t\t\t<div class=\"elementor-swiper-button elementor-swiper-button-prev\" role=\"button\" tabindex=\"0\">\n\t\t\t\t\t\t<i aria-hidden=\"true\" class=\"eicon-chevron-left\"><\/i>\t\t\t\t\t<\/div>\n\t\t\t\t\t<div class=\"elementor-swiper-button elementor-swiper-button-next\" role=\"button\" tabindex=\"0\">\n\t\t\t\t\t\t<i aria-hidden=\"true\" class=\"eicon-chevron-right\"><\/i>\t\t\t\t\t<\/div>\n\t\t\t\t\n\t\t\t\t\t\t\t\t\t<\/div>\n\t\t\t\t\t\t<\/div>\n\t\t\t\t<\/div>\n\t\t\t\t\t<\/div>\n\t\t<\/div>\n\t\t\t\t\t<\/div>\n\t\t<\/section>\n\t\t\t\t<section class=\"elementor-section elementor-top-section elementor-element elementor-element-69a57a2 elementor-section-boxed elementor-section-height-default elementor-section-height-default\" data-id=\"69a57a2\" data-element_type=\"section\" data-e-type=\"section\">\n\t\t\t\t\t\t<div class=\"elementor-container elementor-column-gap-default\">\n\t\t\t\t\t<div class=\"elementor-column elementor-col-100 elementor-top-column elementor-element elementor-element-dae99f2\" data-id=\"dae99f2\" data-element_type=\"column\" data-e-type=\"column\">\n\t\t\t<div class=\"elementor-widget-wrap elementor-element-populated\">\n\t\t\t\t\t\t<div class=\"elementor-element elementor-element-3510390 elementor-widget elementor-widget-video\" data-id=\"3510390\" data-element_type=\"widget\" data-e-type=\"widget\" data-settings=\"{&quot;youtube_url&quot;:&quot;https:\\\/\\\/youtu.be\\\/Rw8bqZd_y-c&quot;,&quot;video_type&quot;:&quot;youtube&quot;,&quot;controls&quot;:&quot;yes&quot;}\" data-widget_type=\"video.default\">\n\t\t\t\t<div class=\"elementor-widget-container\">\n\t\t\t\t\t\t\t<div class=\"elementor-wrapper elementor-open-inline\">\n\t\t\t<div class=\"elementor-video\"><\/div>\t\t<\/div>\n\t\t\t\t\t\t<\/div>\n\t\t\t\t<\/div>\n\t\t\t\t\t<\/div>\n\t\t<\/div>\n\t\t\t\t\t<\/div>\n\t\t<\/section>\n\t\t\t\t<section class=\"elementor-section elementor-top-section elementor-element elementor-element-049dfe6 elementor-section-boxed elementor-section-height-default elementor-section-height-default\" data-id=\"049dfe6\" data-element_type=\"section\" data-e-type=\"section\">\n\t\t\t\t\t\t<div class=\"elementor-container elementor-column-gap-default\">\n\t\t\t\t\t<div class=\"elementor-column elementor-col-100 elementor-top-column elementor-element elementor-element-8ac161f\" data-id=\"8ac161f\" data-element_type=\"column\" data-e-type=\"column\">\n\t\t\t<div class=\"elementor-widget-wrap elementor-element-populated\">\n\t\t\t\t\t\t<div class=\"elementor-element elementor-element-d9e7baa elementor-widget elementor-widget-video\" data-id=\"d9e7baa\" data-element_type=\"widget\" data-e-type=\"widget\" data-settings=\"{&quot;youtube_url&quot;:&quot;https:\\\/\\\/www.youtube.com\\\/watch?v=KjVORLY4y-o&quot;,&quot;video_type&quot;:&quot;youtube&quot;,&quot;controls&quot;:&quot;yes&quot;}\" data-widget_type=\"video.default\">\n\t\t\t\t<div class=\"elementor-widget-container\">\n\t\t\t\t\t\t\t<div class=\"elementor-wrapper elementor-open-inline\">\n\t\t\t<div class=\"elementor-video\"><\/div>\t\t<\/div>\n\t\t\t\t\t\t<\/div>\n\t\t\t\t<\/div>\n\t\t\t\t\t<\/div>\n\t\t<\/div>\n\t\t\t\t\t<\/div>\n\t\t<\/section>\n\t\t\t\t<\/div>\n\t\t","protected":false},"excerpt":{"rendered":"<p>Pr\u00e9c\u00e9dent Suivant https:\/\/youtu.be\/Rw8bqZd_y-chttps:\/\/www.youtube.com\/watch?v=KjVORLY4y-o<\/p>\n","protected":false},"author":1,"featured_media":0,"parent":0,"menu_order":70,"comment_status":"open","ping_status":"closed","template":"","meta":{"_monsterinsights_skip_tracking":false,"_monsterinsights_sitenote_active":false,"_monsterinsights_sitenote_note":"","_monsterinsights_sitenote_category":0,"footnotes":""},"class_list":["post-535","page","type-page","status-publish","hentry"],"yoast_head":"<!-- This site is optimized with the Yoast SEO plugin v27.5 - https:\/\/yoast.com\/product\/yoast-seo-wordpress\/ -->\n<title>Galerie : Vivre son handicap avec \u00e9motion<\/title>\n<meta name=\"robots\" content=\"index, follow, max-snippet:-1, max-image-preview:large, max-video-preview:-1\" \/>\n<link rel=\"canonical\" href=\"https:\/\/www.handiemotion.fr\/index.php\/photos\/\" \/>\n<meta property=\"og:locale\" content=\"fr_FR\" \/>\n<meta property=\"og:type\" content=\"article\" \/>\n<meta property=\"og:title\" content=\"Galerie : Vivre son handicap avec \u00e9motion\" \/>\n<meta property=\"og:description\" content=\"Pr\u00e9c\u00e9dent Suivant https:\/\/youtu.be\/Rw8bqZd_y-chttps:\/\/www.youtube.com\/watch?v=KjVORLY4y-o\" \/>\n<meta property=\"og:url\" content=\"https:\/\/www.handiemotion.fr\/index.php\/photos\/\" \/>\n<meta property=\"og:site_name\" content=\"Vivre son handicap avec \u00e9motion\" \/>\n<meta property=\"article:publisher\" content=\"https:\/\/www.facebook.com\/handiemotion\/\" \/>\n<meta property=\"article:modified_time\" content=\"2020-12-24T11:10:55+00:00\" \/>\n<meta property=\"og:image\" content=\"http:\/\/www.handiemotion.fr\/wp-content\/uploads\/2019\/06\/20190512_085456-300x169.jpg\" \/>\n<meta name=\"twitter:card\" content=\"summary_large_image\" \/>\n<script type=\"application\/ld+json\" class=\"yoast-schema-graph\">{\"@context\":\"https:\\\/\\\/schema.org\",\"@graph\":[{\"@type\":\"WebPage\",\"@id\":\"https:\\\/\\\/www.handiemotion.fr\\\/index.php\\\/photos\\\/\",\"url\":\"https:\\\/\\\/www.handiemotion.fr\\\/index.php\\\/photos\\\/\",\"name\":\"Galerie : Vivre son handicap avec \u00e9motion\",\"isPartOf\":{\"@id\":\"https:\\\/\\\/www.handiemotion.fr\\\/#website\"},\"primaryImageOfPage\":{\"@id\":\"https:\\\/\\\/www.handiemotion.fr\\\/index.php\\\/photos\\\/#primaryimage\"},\"image\":{\"@id\":\"https:\\\/\\\/www.handiemotion.fr\\\/index.php\\\/photos\\\/#primaryimage\"},\"thumbnailUrl\":\"http:\\\/\\\/www.handiemotion.fr\\\/wp-content\\\/uploads\\\/2019\\\/06\\\/20190512_085456-300x169.jpg\",\"datePublished\":\"2019-02-13T13:31:07+00:00\",\"dateModified\":\"2020-12-24T11:10:55+00:00\",\"breadcrumb\":{\"@id\":\"https:\\\/\\\/www.handiemotion.fr\\\/index.php\\\/photos\\\/#breadcrumb\"},\"inLanguage\":\"fr-FR\",\"potentialAction\":[{\"@type\":\"ReadAction\",\"target\":[\"https:\\\/\\\/www.handiemotion.fr\\\/index.php\\\/photos\\\/\"]}]},{\"@type\":\"ImageObject\",\"inLanguage\":\"fr-FR\",\"@id\":\"https:\\\/\\\/www.handiemotion.fr\\\/index.php\\\/photos\\\/#primaryimage\",\"url\":\"http:\\\/\\\/www.handiemotion.fr\\\/wp-content\\\/uploads\\\/2019\\\/06\\\/20190512_085456-300x169.jpg\",\"contentUrl\":\"http:\\\/\\\/www.handiemotion.fr\\\/wp-content\\\/uploads\\\/2019\\\/06\\\/20190512_085456-300x169.jpg\"},{\"@type\":\"BreadcrumbList\",\"@id\":\"https:\\\/\\\/www.handiemotion.fr\\\/index.php\\\/photos\\\/#breadcrumb\",\"itemListElement\":[{\"@type\":\"ListItem\",\"position\":1,\"name\":\"Accueil\",\"item\":\"https:\\\/\\\/www.handiemotion.fr\\\/\"},{\"@type\":\"ListItem\",\"position\":2,\"name\":\"Galerie\"}]},{\"@type\":\"WebSite\",\"@id\":\"https:\\\/\\\/www.handiemotion.fr\\\/#website\",\"url\":\"https:\\\/\\\/www.handiemotion.fr\\\/\",\"name\":\"HandiEmotion : Stage de pilotage pour PMR\",\"description\":\"\",\"publisher\":{\"@id\":\"https:\\\/\\\/www.handiemotion.fr\\\/#organization\"},\"potentialAction\":[{\"@type\":\"SearchAction\",\"target\":{\"@type\":\"EntryPoint\",\"urlTemplate\":\"https:\\\/\\\/www.handiemotion.fr\\\/?s={search_term_string}\"},\"query-input\":{\"@type\":\"PropertyValueSpecification\",\"valueRequired\":true,\"valueName\":\"search_term_string\"}}],\"inLanguage\":\"fr-FR\"},{\"@type\":\"Organization\",\"@id\":\"https:\\\/\\\/www.handiemotion.fr\\\/#organization\",\"name\":\"HANDIEMOTION\",\"url\":\"https:\\\/\\\/www.handiemotion.fr\\\/\",\"logo\":{\"@type\":\"ImageObject\",\"inLanguage\":\"fr-FR\",\"@id\":\"https:\\\/\\\/www.handiemotion.fr\\\/#\\\/schema\\\/logo\\\/image\\\/\",\"url\":\"https:\\\/\\\/www.handiemotion.fr\\\/wp-content\\\/uploads\\\/2018\\\/03\\\/logo_handiemotion_droit.jpg\",\"contentUrl\":\"https:\\\/\\\/www.handiemotion.fr\\\/wp-content\\\/uploads\\\/2018\\\/03\\\/logo_handiemotion_droit.jpg\",\"width\":2081,\"height\":954,\"caption\":\"HANDIEMOTION\"},\"image\":{\"@id\":\"https:\\\/\\\/www.handiemotion.fr\\\/#\\\/schema\\\/logo\\\/image\\\/\"},\"sameAs\":[\"https:\\\/\\\/www.facebook.com\\\/handiemotion\\\/\",\"https:\\\/\\\/www.linkedin.com\\\/in\\\/s\u00e9bastien-benoit-00a550172\\\/\",\"https:\\\/\\\/www.youtube.com\\\/channel\\\/UC7RmBlEf3mhZ5Usf7PKfYyQ\"]}]}<\/script>\n<!-- \/ Yoast SEO plugin. -->","yoast_head_json":{"title":"Galerie : Vivre son handicap avec \u00e9motion","robots":{"index":"index","follow":"follow","max-snippet":"max-snippet:-1","max-image-preview":"max-image-preview:large","max-video-preview":"max-video-preview:-1"},"canonical":"https:\/\/www.handiemotion.fr\/index.php\/photos\/","og_locale":"fr_FR","og_type":"article","og_title":"Galerie : Vivre son handicap avec \u00e9motion","og_description":"Pr\u00e9c\u00e9dent Suivant https:\/\/youtu.be\/Rw8bqZd_y-chttps:\/\/www.youtube.com\/watch?v=KjVORLY4y-o","og_url":"https:\/\/www.handiemotion.fr\/index.php\/photos\/","og_site_name":"Vivre son handicap avec \u00e9motion","article_publisher":"https:\/\/www.facebook.com\/handiemotion\/","article_modified_time":"2020-12-24T11:10:55+00:00","og_image":[{"url":"http:\/\/www.handiemotion.fr\/wp-content\/uploads\/2019\/06\/20190512_085456-300x169.jpg","type":"","width":"","height":""}],"twitter_card":"summary_large_image","schema":{"@context":"https:\/\/schema.org","@graph":[{"@type":"WebPage","@id":"https:\/\/www.handiemotion.fr\/index.php\/photos\/","url":"https:\/\/www.handiemotion.fr\/index.php\/photos\/","name":"Galerie : Vivre son handicap avec \u00e9motion","isPartOf":{"@id":"https:\/\/www.handiemotion.fr\/#website"},"primaryImageOfPage":{"@id":"https:\/\/www.handiemotion.fr\/index.php\/photos\/#primaryimage"},"image":{"@id":"https:\/\/www.handiemotion.fr\/index.php\/photos\/#primaryimage"},"thumbnailUrl":"http:\/\/www.handiemotion.fr\/wp-content\/uploads\/2019\/06\/20190512_085456-300x169.jpg","datePublished":"2019-02-13T13:31:07+00:00","dateModified":"2020-12-24T11:10:55+00:00","breadcrumb":{"@id":"https:\/\/www.handiemotion.fr\/index.php\/photos\/#breadcrumb"},"inLanguage":"fr-FR","potentialAction":[{"@type":"ReadAction","target":["https:\/\/www.handiemotion.fr\/index.php\/photos\/"]}]},{"@type":"ImageObject","inLanguage":"fr-FR","@id":"https:\/\/www.handiemotion.fr\/index.php\/photos\/#primaryimage","url":"http:\/\/www.handiemotion.fr\/wp-content\/uploads\/2019\/06\/20190512_085456-300x169.jpg","contentUrl":"http:\/\/www.handiemotion.fr\/wp-content\/uploads\/2019\/06\/20190512_085456-300x169.jpg"},{"@type":"BreadcrumbList","@id":"https:\/\/www.handiemotion.fr\/index.php\/photos\/#breadcrumb","itemListElement":[{"@type":"ListItem","position":1,"name":"Accueil","item":"https:\/\/www.handiemotion.fr\/"},{"@type":"ListItem","position":2,"name":"Galerie"}]},{"@type":"WebSite","@id":"https:\/\/www.handiemotion.fr\/#website","url":"https:\/\/www.handiemotion.fr\/","name":"HandiEmotion : Stage de pilotage pour PMR","description":"","publisher":{"@id":"https:\/\/www.handiemotion.fr\/#organization"},"potentialAction":[{"@type":"SearchAction","target":{"@type":"EntryPoint","urlTemplate":"https:\/\/www.handiemotion.fr\/?s={search_term_string}"},"query-input":{"@type":"PropertyValueSpecification","valueRequired":true,"valueName":"search_term_string"}}],"inLanguage":"fr-FR"},{"@type":"Organization","@id":"https:\/\/www.handiemotion.fr\/#organization","name":"HANDIEMOTION","url":"https:\/\/www.handiemotion.fr\/","logo":{"@type":"ImageObject","inLanguage":"fr-FR","@id":"https:\/\/www.handiemotion.fr\/#\/schema\/logo\/image\/","url":"https:\/\/www.handiemotion.fr\/wp-content\/uploads\/2018\/03\/logo_handiemotion_droit.jpg","contentUrl":"https:\/\/www.handiemotion.fr\/wp-content\/uploads\/2018\/03\/logo_handiemotion_droit.jpg","width":2081,"height":954,"caption":"HANDIEMOTION"},"image":{"@id":"https:\/\/www.handiemotion.fr\/#\/schema\/logo\/image\/"},"sameAs":["https:\/\/www.facebook.com\/handiemotion\/","https:\/\/www.linkedin.com\/in\/s\u00e9bastien-benoit-00a550172\/","https:\/\/www.youtube.com\/channel\/UC7RmBlEf3mhZ5Usf7PKfYyQ"]}]}},"_links":{"self":[{"href":"https:\/\/www.handiemotion.fr\/index.php\/wp-json\/wp\/v2\/pages\/535","targetHints":{"allow":["GET"]}}],"collection":[{"href":"https:\/\/www.handiemotion.fr\/index.php\/wp-json\/wp\/v2\/pages"}],"about":[{"href":"https:\/\/www.handiemotion.fr\/index.php\/wp-json\/wp\/v2\/types\/page"}],"author":[{"embeddable":true,"href":"https:\/\/www.handiemotion.fr\/index.php\/wp-json\/wp\/v2\/users\/1"}],"replies":[{"embeddable":true,"href":"https:\/\/www.handiemotion.fr\/index.php\/wp-json\/wp\/v2\/comments?post=535"}],"version-history":[{"count":26,"href":"https:\/\/www.handiemotion.fr\/index.php\/wp-json\/wp\/v2\/pages\/535\/revisions"}],"predecessor-version":[{"id":1044,"href":"https:\/\/www.handiemotion.fr\/index.php\/wp-json\/wp\/v2\/pages\/535\/revisions\/1044"}],"wp:attachment":[{"href":"https:\/\/www.handiemotion.fr\/index.php\/wp-json\/wp\/v2\/media?parent=535"}],"curies":[{"name":"wp","href":"https:\/\/api.w.org\/{rel}","templated":true}]}}