{"id":75,"date":"2018-03-20T10:27:39","date_gmt":"2018-03-20T09:27:39","guid":{"rendered":"http:\/\/www.handiemotion.fr\/?page_id=75"},"modified":"2022-01-19T10:47:26","modified_gmt":"2022-01-19T09:47:26","slug":"tarifs","status":"publish","type":"page","link":"https:\/\/www.handiemotion.fr\/index.php\/tarifs\/","title":{"rendered":"Tarifs"},"content":{"rendered":"\t\t<div data-elementor-type=\"wp-post\" data-elementor-id=\"75\" class=\"elementor elementor-75\">\n\t\t\t\t\t\t<section class=\"elementor-section elementor-top-section elementor-element elementor-element-2209788 elementor-hidden-phone elementor-section-boxed elementor-section-height-default elementor-section-height-default\" data-id=\"2209788\" data-element_type=\"section\" data-e-type=\"section\">\n\t\t\t\t\t\t<div class=\"elementor-container elementor-column-gap-default\">\n\t\t\t\t\t<div class=\"elementor-column elementor-col-100 elementor-top-column elementor-element elementor-element-9b82bdd\" data-id=\"9b82bdd\" data-element_type=\"column\" data-e-type=\"column\">\n\t\t\t<div class=\"elementor-widget-wrap elementor-element-populated\">\n\t\t\t\t\t\t<div class=\"elementor-element elementor-element-3582f31 elementor-widget elementor-widget-image\" data-id=\"3582f31\" data-element_type=\"widget\" data-e-type=\"widget\" data-widget_type=\"image.default\">\n\t\t\t\t<div class=\"elementor-widget-container\">\n\t\t\t\t\t\t\t\t\t\t\t\t\t\t\t<img fetchpriority=\"high\" decoding=\"async\" width=\"770\" height=\"341\" src=\"https:\/\/www.handiemotion.fr\/wp-content\/uploads\/2022\/01\/Tarifs_2022-1024x453.jpg\" class=\"attachment-large size-large wp-image-1203\" alt=\"\" srcset=\"https:\/\/www.handiemotion.fr\/wp-content\/uploads\/2022\/01\/Tarifs_2022-1024x453.jpg 1024w, https:\/\/www.handiemotion.fr\/wp-content\/uploads\/2022\/01\/Tarifs_2022-300x133.jpg 300w, https:\/\/www.handiemotion.fr\/wp-content\/uploads\/2022\/01\/Tarifs_2022-768x340.jpg 768w, https:\/\/www.handiemotion.fr\/wp-content\/uploads\/2022\/01\/Tarifs_2022-1536x680.jpg 1536w, https:\/\/www.handiemotion.fr\/wp-content\/uploads\/2022\/01\/Tarifs_2022.jpg 1672w\" sizes=\"(max-width: 770px) 100vw, 770px\" \/>\t\t\t\t\t\t\t\t\t\t\t\t\t\t\t<\/div>\n\t\t\t\t<\/div>\n\t\t\t\t\t<\/div>\n\t\t<\/div>\n\t\t\t\t\t<\/div>\n\t\t<\/section>\n\t\t\t\t<section class=\"elementor-section elementor-top-section elementor-element elementor-element-068f41e elementor-hidden-desktop elementor-hidden-tablet elementor-section-boxed elementor-section-height-default elementor-section-height-default\" data-id=\"068f41e\" data-element_type=\"section\" data-e-type=\"section\">\n\t\t\t\t\t\t<div class=\"elementor-container elementor-column-gap-default\">\n\t\t\t\t\t<div class=\"elementor-column elementor-col-100 elementor-top-column elementor-element elementor-element-8a5e7d0\" data-id=\"8a5e7d0\" data-element_type=\"column\" data-e-type=\"column\">\n\t\t\t<div class=\"elementor-widget-wrap elementor-element-populated\">\n\t\t\t\t\t\t<div class=\"elementor-element elementor-element-ef6e704 elementor-widget elementor-widget-image\" data-id=\"ef6e704\" data-element_type=\"widget\" data-e-type=\"widget\" data-widget_type=\"image.default\">\n\t\t\t\t<div class=\"elementor-widget-container\">\n\t\t\t\t\t\t\t\t\t\t\t\t\t\t\t<img decoding=\"async\" src=\"https:\/\/www.handiemotion.fr\/wp-content\/uploads\/2019\/10\/cropped-66491976_3035734536467155_8933217051497988096_o-1-e1608800000247.jpg\" title=\"cropped-66491976_3035734536467155_8933217051497988096_o-1.jpg\" alt=\"cropped-66491976_3035734536467155_8933217051497988096_o-1.jpg\" loading=\"lazy\" \/>\t\t\t\t\t\t\t\t\t\t\t\t\t\t\t<\/div>\n\t\t\t\t<\/div>\n\t\t\t\t\t<\/div>\n\t\t<\/div>\n\t\t\t\t\t<\/div>\n\t\t<\/section>\n\t\t\t\t<section class=\"elementor-section elementor-top-section elementor-element elementor-element-d0d26ee elementor-section-stretched elementor-hidden-desktop elementor-hidden-tablet elementor-section-boxed elementor-section-height-default elementor-section-height-default\" data-id=\"d0d26ee\" data-element_type=\"section\" data-e-type=\"section\" data-settings=\"{&quot;stretch_section&quot;:&quot;section-stretched&quot;}\">\n\t\t\t\t\t\t<div class=\"elementor-container elementor-column-gap-default\">\n\t\t\t\t\t<div class=\"elementor-column elementor-col-100 elementor-top-column elementor-element elementor-element-004a46d\" data-id=\"004a46d\" data-element_type=\"column\" data-e-type=\"column\">\n\t\t\t<div class=\"elementor-widget-wrap elementor-element-populated\">\n\t\t\t\t\t\t<div class=\"elementor-element elementor-element-6a07c0b elementor-widget elementor-widget-text-editor\" data-id=\"6a07c0b\" data-element_type=\"widget\" data-e-type=\"widget\" data-widget_type=\"text-editor.default\">\n\t\t\t\t<div class=\"elementor-widget-container\">\n\t\t\t\t\t\t\t\t\t<h6><span style=\"color: #ff0000;\">P\u00f4le m\u00e9canique d&rsquo;Al\u00e8s \/ Circuit du Luc (Var)<\/span><\/h6><h6><span style=\"color: #000000; font-family: var(--secondary-font); font-size: 1.1112em;\">\u00a0<\/span>Bapt\u00eame en tant que passager<\/h6><ul><li style=\"list-style-type: none;\"><ul><li style=\"list-style-type: none;\"><ul><li><h6 style=\"text-align: left;\">2 tours \u00e0 79\u20ac<\/h6><\/li><li><h6>3 tours \u00e0 89\u20ac<\/h6><\/li><li><h6>4 tours \u00e0 99\u20ac<\/h6><\/li><li><h6>10 tours \u00e0 199\u20ac (20 min)<\/h6><\/li><\/ul><\/li><\/ul><\/li><\/ul><h6><span style=\"color: #000000;\">Exp\u00e9rience au volant accompagn\u00e9 d&rsquo;un pilote dipl\u00f4m\u00e9<\/span><\/h6><ul><li style=\"list-style-type: none;\"><ul><li style=\"list-style-type: none;\"><ul><li><h6>3 tours \u00e0 99\u20ac<\/h6><\/li><li><h6>4 tours \u00e0 129\u20ac<\/h6><\/li><li><h6>5 tours \u00e0 149\u20ac<\/h6><\/li><li><h6>6 tours \u00e0 179\u20ac<\/h6><\/li><li><h6>7 tours \u00e0 199\u20ac<\/h6><\/li><li><h6>8 tours \u00e0 219\u20ac<\/h6><\/li><li><h6>9 tours \u00e0 239\u20ac<\/h6><\/li><li><h6>10 tours \u00e0 269\u20ac (20 min)<\/h6><\/li><li><h6>20 tours \u00e0 499\u20ac (2 fois 20 min)<\/h6><\/li><li><h6>Offre personnalis\u00e9e sur demande<\/h6><\/li><\/ul><\/li><\/ul><\/li><\/ul><h6><span style=\"color: #000000;\">Gardez le souvenir de votre exp\u00e9rience avec le film de votre roulage<\/span><\/h6><ul><li><h6>carte micro SD 32Go \u00e0 49\u20ac (film int\u00e9rieur et ext\u00e9rieur)<\/h6><\/li><\/ul>\t\t\t\t\t\t\t\t<\/div>\n\t\t\t\t<\/div>\n\t\t\t\t\t<\/div>\n\t\t<\/div>\n\t\t\t\t\t<\/div>\n\t\t<\/section>\n\t\t\t\t<section class=\"elementor-section elementor-top-section elementor-element elementor-element-74e9ce4 elementor-section-boxed elementor-section-height-default elementor-section-height-default\" data-id=\"74e9ce4\" data-element_type=\"section\" data-e-type=\"section\">\n\t\t\t\t\t\t<div class=\"elementor-container elementor-column-gap-default\">\n\t\t\t\t\t<div class=\"elementor-column elementor-col-50 elementor-top-column elementor-element elementor-element-8a08020\" data-id=\"8a08020\" data-element_type=\"column\" data-e-type=\"column\">\n\t\t\t<div class=\"elementor-widget-wrap elementor-element-populated\">\n\t\t\t\t\t\t<div class=\"elementor-element elementor-element-8f5fff0 elementor-align-center elementor-widget elementor-widget-button\" data-id=\"8f5fff0\" data-element_type=\"widget\" data-e-type=\"widget\" data-widget_type=\"button.default\">\n\t\t\t\t<div class=\"elementor-widget-container\">\n\t\t\t\t\t\t\t\t\t<div class=\"elementor-button-wrapper\">\n\t\t\t\t\t<a class=\"elementor-button elementor-button-link elementor-size-md\" href=\"https:\/\/www.handiemotion.fr\/index.php\/calendrier\/\">\n\t\t\t\t\t\t<span class=\"elementor-button-content-wrapper\">\n\t\t\t\t\t\t<span class=\"elementor-button-icon\">\n\t\t\t\t<i aria-hidden=\"true\" class=\"fas fa-calendar-alt\"><\/i>\t\t\t<\/span>\n\t\t\t\t\t\t\t\t\t<span class=\"elementor-button-text\">Calendrier<\/span>\n\t\t\t\t\t<\/span>\n\t\t\t\t\t<\/a>\n\t\t\t\t<\/div>\n\t\t\t\t\t\t\t\t<\/div>\n\t\t\t\t<\/div>\n\t\t\t\t\t<\/div>\n\t\t<\/div>\n\t\t\t\t<div class=\"elementor-column elementor-col-50 elementor-top-column elementor-element elementor-element-8d903ce\" data-id=\"8d903ce\" data-element_type=\"column\" data-e-type=\"column\">\n\t\t\t<div class=\"elementor-widget-wrap elementor-element-populated\">\n\t\t\t\t\t\t<div class=\"elementor-element elementor-element-c32693d elementor-align-center elementor-widget elementor-widget-button\" data-id=\"c32693d\" data-element_type=\"widget\" data-e-type=\"widget\" data-widget_type=\"button.default\">\n\t\t\t\t<div class=\"elementor-widget-container\">\n\t\t\t\t\t\t\t\t\t<div class=\"elementor-button-wrapper\">\n\t\t\t\t\t<a class=\"elementor-button elementor-button-link elementor-size-md\" href=\"https:\/\/www.handiemotion.fr\/index.php\/reservation\/\">\n\t\t\t\t\t\t<span class=\"elementor-button-content-wrapper\">\n\t\t\t\t\t\t<span class=\"elementor-button-icon\">\n\t\t\t\t<i aria-hidden=\"true\" class=\"fas fa-car\"><\/i>\t\t\t<\/span>\n\t\t\t\t\t\t\t\t\t<span class=\"elementor-button-text\">Je r\u00e9serve<\/span>\n\t\t\t\t\t<\/span>\n\t\t\t\t\t<\/a>\n\t\t\t\t<\/div>\n\t\t\t\t\t\t\t\t<\/div>\n\t\t\t\t<\/div>\n\t\t\t\t\t<\/div>\n\t\t<\/div>\n\t\t\t\t\t<\/div>\n\t\t<\/section>\n\t\t\t\t<\/div>\n\t\t","protected":false},"excerpt":{"rendered":"<p>P\u00f4le m\u00e9canique d&rsquo;Al\u00e8s \/ Circuit du Luc (Var) \u00a0Bapt\u00eame en tant que passager 2 tours \u00e0 79\u20ac 3 tours \u00e0 89\u20ac 4 tours \u00e0 99\u20ac 10 tours \u00e0 199\u20ac (20 min) Exp\u00e9rience au volant accompagn\u00e9 d&rsquo;un pilote dipl\u00f4m\u00e9 3 tours \u00e0 99\u20ac 4 tours \u00e0 129\u20ac 5 tours \u00e0 149\u20ac 6 tours \u00e0 179\u20ac 7 &hellip; <\/p>\n","protected":false},"author":1,"featured_media":0,"parent":0,"menu_order":30,"comment_status":"closed","ping_status":"closed","template":"","meta":{"_monsterinsights_skip_tracking":false,"_monsterinsights_sitenote_active":false,"_monsterinsights_sitenote_note":"","_monsterinsights_sitenote_category":0,"footnotes":""},"class_list":["post-75","page","type-page","status-publish","hentry"],"yoast_head":"<!-- This site is optimized with the Yoast SEO plugin v27.5 - https:\/\/yoast.com\/product\/yoast-seo-wordpress\/ -->\n<title>Tarifs : Vivre son handicap avec \u00e9motion<\/title>\n<meta name=\"robots\" content=\"index, follow, max-snippet:-1, max-image-preview:large, max-video-preview:-1\" \/>\n<link rel=\"canonical\" href=\"https:\/\/www.handiemotion.fr\/index.php\/tarifs\/\" \/>\n<meta property=\"og:locale\" content=\"fr_FR\" \/>\n<meta property=\"og:type\" content=\"article\" \/>\n<meta property=\"og:title\" content=\"Tarifs : Vivre son handicap avec \u00e9motion\" \/>\n<meta property=\"og:description\" content=\"P\u00f4le m\u00e9canique d&rsquo;Al\u00e8s \/ Circuit du Luc (Var) \u00a0Bapt\u00eame en tant que passager 2 tours \u00e0 79\u20ac 3 tours \u00e0 89\u20ac 4 tours \u00e0 99\u20ac 10 tours \u00e0 199\u20ac (20 min) Exp\u00e9rience au volant accompagn\u00e9 d&rsquo;un pilote dipl\u00f4m\u00e9 3 tours \u00e0 99\u20ac 4 tours \u00e0 129\u20ac 5 tours \u00e0 149\u20ac 6 tours \u00e0 179\u20ac 7 &hellip;\" \/>\n<meta property=\"og:url\" content=\"https:\/\/www.handiemotion.fr\/index.php\/tarifs\/\" \/>\n<meta property=\"og:site_name\" content=\"Vivre son handicap avec \u00e9motion\" \/>\n<meta property=\"article:publisher\" content=\"https:\/\/www.facebook.com\/handiemotion\/\" \/>\n<meta property=\"article:modified_time\" content=\"2022-01-19T09:47:26+00:00\" \/>\n<meta property=\"og:image\" content=\"http:\/\/www.handiemotion.fr\/wp-content\/uploads\/2022\/01\/Tarifs_2022-1024x453.jpg\" \/>\n<meta name=\"twitter:card\" content=\"summary_large_image\" \/>\n<meta name=\"twitter:label1\" content=\"Dur\u00e9e de lecture estim\u00e9e\" \/>\n\t<meta name=\"twitter:data1\" content=\"1 minute\" \/>\n<script type=\"application\/ld+json\" class=\"yoast-schema-graph\">{\"@context\":\"https:\\\/\\\/schema.org\",\"@graph\":[{\"@type\":\"WebPage\",\"@id\":\"https:\\\/\\\/www.handiemotion.fr\\\/index.php\\\/tarifs\\\/\",\"url\":\"https:\\\/\\\/www.handiemotion.fr\\\/index.php\\\/tarifs\\\/\",\"name\":\"Tarifs : Vivre son handicap avec \u00e9motion\",\"isPartOf\":{\"@id\":\"https:\\\/\\\/www.handiemotion.fr\\\/#website\"},\"primaryImageOfPage\":{\"@id\":\"https:\\\/\\\/www.handiemotion.fr\\\/index.php\\\/tarifs\\\/#primaryimage\"},\"image\":{\"@id\":\"https:\\\/\\\/www.handiemotion.fr\\\/index.php\\\/tarifs\\\/#primaryimage\"},\"thumbnailUrl\":\"http:\\\/\\\/www.handiemotion.fr\\\/wp-content\\\/uploads\\\/2022\\\/01\\\/Tarifs_2022-1024x453.jpg\",\"datePublished\":\"2018-03-20T09:27:39+00:00\",\"dateModified\":\"2022-01-19T09:47:26+00:00\",\"breadcrumb\":{\"@id\":\"https:\\\/\\\/www.handiemotion.fr\\\/index.php\\\/tarifs\\\/#breadcrumb\"},\"inLanguage\":\"fr-FR\",\"potentialAction\":[{\"@type\":\"ReadAction\",\"target\":[\"https:\\\/\\\/www.handiemotion.fr\\\/index.php\\\/tarifs\\\/\"]}]},{\"@type\":\"ImageObject\",\"inLanguage\":\"fr-FR\",\"@id\":\"https:\\\/\\\/www.handiemotion.fr\\\/index.php\\\/tarifs\\\/#primaryimage\",\"url\":\"http:\\\/\\\/www.handiemotion.fr\\\/wp-content\\\/uploads\\\/2022\\\/01\\\/Tarifs_2022-1024x453.jpg\",\"contentUrl\":\"http:\\\/\\\/www.handiemotion.fr\\\/wp-content\\\/uploads\\\/2022\\\/01\\\/Tarifs_2022-1024x453.jpg\"},{\"@type\":\"BreadcrumbList\",\"@id\":\"https:\\\/\\\/www.handiemotion.fr\\\/index.php\\\/tarifs\\\/#breadcrumb\",\"itemListElement\":[{\"@type\":\"ListItem\",\"position\":1,\"name\":\"Accueil\",\"item\":\"https:\\\/\\\/www.handiemotion.fr\\\/\"},{\"@type\":\"ListItem\",\"position\":2,\"name\":\"Tarifs\"}]},{\"@type\":\"WebSite\",\"@id\":\"https:\\\/\\\/www.handiemotion.fr\\\/#website\",\"url\":\"https:\\\/\\\/www.handiemotion.fr\\\/\",\"name\":\"HandiEmotion : Stage de pilotage pour PMR\",\"description\":\"\",\"publisher\":{\"@id\":\"https:\\\/\\\/www.handiemotion.fr\\\/#organization\"},\"potentialAction\":[{\"@type\":\"SearchAction\",\"target\":{\"@type\":\"EntryPoint\",\"urlTemplate\":\"https:\\\/\\\/www.handiemotion.fr\\\/?s={search_term_string}\"},\"query-input\":{\"@type\":\"PropertyValueSpecification\",\"valueRequired\":true,\"valueName\":\"search_term_string\"}}],\"inLanguage\":\"fr-FR\"},{\"@type\":\"Organization\",\"@id\":\"https:\\\/\\\/www.handiemotion.fr\\\/#organization\",\"name\":\"HANDIEMOTION\",\"url\":\"https:\\\/\\\/www.handiemotion.fr\\\/\",\"logo\":{\"@type\":\"ImageObject\",\"inLanguage\":\"fr-FR\",\"@id\":\"https:\\\/\\\/www.handiemotion.fr\\\/#\\\/schema\\\/logo\\\/image\\\/\",\"url\":\"https:\\\/\\\/www.handiemotion.fr\\\/wp-content\\\/uploads\\\/2018\\\/03\\\/logo_handiemotion_droit.jpg\",\"contentUrl\":\"https:\\\/\\\/www.handiemotion.fr\\\/wp-content\\\/uploads\\\/2018\\\/03\\\/logo_handiemotion_droit.jpg\",\"width\":2081,\"height\":954,\"caption\":\"HANDIEMOTION\"},\"image\":{\"@id\":\"https:\\\/\\\/www.handiemotion.fr\\\/#\\\/schema\\\/logo\\\/image\\\/\"},\"sameAs\":[\"https:\\\/\\\/www.facebook.com\\\/handiemotion\\\/\",\"https:\\\/\\\/www.linkedin.com\\\/in\\\/s\u00e9bastien-benoit-00a550172\\\/\",\"https:\\\/\\\/www.youtube.com\\\/channel\\\/UC7RmBlEf3mhZ5Usf7PKfYyQ\"]}]}<\/script>\n<!-- \/ Yoast SEO plugin. -->","yoast_head_json":{"title":"Tarifs : Vivre son handicap avec \u00e9motion","robots":{"index":"index","follow":"follow","max-snippet":"max-snippet:-1","max-image-preview":"max-image-preview:large","max-video-preview":"max-video-preview:-1"},"canonical":"https:\/\/www.handiemotion.fr\/index.php\/tarifs\/","og_locale":"fr_FR","og_type":"article","og_title":"Tarifs : Vivre son handicap avec \u00e9motion","og_description":"P\u00f4le m\u00e9canique d&rsquo;Al\u00e8s \/ Circuit du Luc (Var) \u00a0Bapt\u00eame en tant que passager 2 tours \u00e0 79\u20ac 3 tours \u00e0 89\u20ac 4 tours \u00e0 99\u20ac 10 tours \u00e0 199\u20ac (20 min) Exp\u00e9rience au volant accompagn\u00e9 d&rsquo;un pilote dipl\u00f4m\u00e9 3 tours \u00e0 99\u20ac 4 tours \u00e0 129\u20ac 5 tours \u00e0 149\u20ac 6 tours \u00e0 179\u20ac 7 &hellip;","og_url":"https:\/\/www.handiemotion.fr\/index.php\/tarifs\/","og_site_name":"Vivre son handicap avec \u00e9motion","article_publisher":"https:\/\/www.facebook.com\/handiemotion\/","article_modified_time":"2022-01-19T09:47:26+00:00","og_image":[{"url":"http:\/\/www.handiemotion.fr\/wp-content\/uploads\/2022\/01\/Tarifs_2022-1024x453.jpg","type":"","width":"","height":""}],"twitter_card":"summary_large_image","twitter_misc":{"Dur\u00e9e de lecture estim\u00e9e":"1 minute"},"schema":{"@context":"https:\/\/schema.org","@graph":[{"@type":"WebPage","@id":"https:\/\/www.handiemotion.fr\/index.php\/tarifs\/","url":"https:\/\/www.handiemotion.fr\/index.php\/tarifs\/","name":"Tarifs : Vivre son handicap avec \u00e9motion","isPartOf":{"@id":"https:\/\/www.handiemotion.fr\/#website"},"primaryImageOfPage":{"@id":"https:\/\/www.handiemotion.fr\/index.php\/tarifs\/#primaryimage"},"image":{"@id":"https:\/\/www.handiemotion.fr\/index.php\/tarifs\/#primaryimage"},"thumbnailUrl":"http:\/\/www.handiemotion.fr\/wp-content\/uploads\/2022\/01\/Tarifs_2022-1024x453.jpg","datePublished":"2018-03-20T09:27:39+00:00","dateModified":"2022-01-19T09:47:26+00:00","breadcrumb":{"@id":"https:\/\/www.handiemotion.fr\/index.php\/tarifs\/#breadcrumb"},"inLanguage":"fr-FR","potentialAction":[{"@type":"ReadAction","target":["https:\/\/www.handiemotion.fr\/index.php\/tarifs\/"]}]},{"@type":"ImageObject","inLanguage":"fr-FR","@id":"https:\/\/www.handiemotion.fr\/index.php\/tarifs\/#primaryimage","url":"http:\/\/www.handiemotion.fr\/wp-content\/uploads\/2022\/01\/Tarifs_2022-1024x453.jpg","contentUrl":"http:\/\/www.handiemotion.fr\/wp-content\/uploads\/2022\/01\/Tarifs_2022-1024x453.jpg"},{"@type":"BreadcrumbList","@id":"https:\/\/www.handiemotion.fr\/index.php\/tarifs\/#breadcrumb","itemListElement":[{"@type":"ListItem","position":1,"name":"Accueil","item":"https:\/\/www.handiemotion.fr\/"},{"@type":"ListItem","position":2,"name":"Tarifs"}]},{"@type":"WebSite","@id":"https:\/\/www.handiemotion.fr\/#website","url":"https:\/\/www.handiemotion.fr\/","name":"HandiEmotion : Stage de pilotage pour PMR","description":"","publisher":{"@id":"https:\/\/www.handiemotion.fr\/#organization"},"potentialAction":[{"@type":"SearchAction","target":{"@type":"EntryPoint","urlTemplate":"https:\/\/www.handiemotion.fr\/?s={search_term_string}"},"query-input":{"@type":"PropertyValueSpecification","valueRequired":true,"valueName":"search_term_string"}}],"inLanguage":"fr-FR"},{"@type":"Organization","@id":"https:\/\/www.handiemotion.fr\/#organization","name":"HANDIEMOTION","url":"https:\/\/www.handiemotion.fr\/","logo":{"@type":"ImageObject","inLanguage":"fr-FR","@id":"https:\/\/www.handiemotion.fr\/#\/schema\/logo\/image\/","url":"https:\/\/www.handiemotion.fr\/wp-content\/uploads\/2018\/03\/logo_handiemotion_droit.jpg","contentUrl":"https:\/\/www.handiemotion.fr\/wp-content\/uploads\/2018\/03\/logo_handiemotion_droit.jpg","width":2081,"height":954,"caption":"HANDIEMOTION"},"image":{"@id":"https:\/\/www.handiemotion.fr\/#\/schema\/logo\/image\/"},"sameAs":["https:\/\/www.facebook.com\/handiemotion\/","https:\/\/www.linkedin.com\/in\/s\u00e9bastien-benoit-00a550172\/","https:\/\/www.youtube.com\/channel\/UC7RmBlEf3mhZ5Usf7PKfYyQ"]}]}},"_links":{"self":[{"href":"https:\/\/www.handiemotion.fr\/index.php\/wp-json\/wp\/v2\/pages\/75","targetHints":{"allow":["GET"]}}],"collection":[{"href":"https:\/\/www.handiemotion.fr\/index.php\/wp-json\/wp\/v2\/pages"}],"about":[{"href":"https:\/\/www.handiemotion.fr\/index.php\/wp-json\/wp\/v2\/types\/page"}],"author":[{"embeddable":true,"href":"https:\/\/www.handiemotion.fr\/index.php\/wp-json\/wp\/v2\/users\/1"}],"replies":[{"embeddable":true,"href":"https:\/\/www.handiemotion.fr\/index.php\/wp-json\/wp\/v2\/comments?post=75"}],"version-history":[{"count":126,"href":"https:\/\/www.handiemotion.fr\/index.php\/wp-json\/wp\/v2\/pages\/75\/revisions"}],"predecessor-version":[{"id":1206,"href":"https:\/\/www.handiemotion.fr\/index.php\/wp-json\/wp\/v2\/pages\/75\/revisions\/1206"}],"wp:attachment":[{"href":"https:\/\/www.handiemotion.fr\/index.php\/wp-json\/wp\/v2\/media?parent=75"}],"curies":[{"name":"wp","href":"https:\/\/api.w.org\/{rel}","templated":true}]}}